{"id":434,"date":"2024-02-18T22:37:31","date_gmt":"2024-02-18T21:37:31","guid":{"rendered":"https:\/\/andelstaff.com\/?page_id=434"},"modified":"2024-05-10T00:36:18","modified_gmt":"2024-05-09T22:36:18","slug":"434-2","status":"publish","type":"page","link":"https:\/\/andelstaff.com\/?page_id=434","title":{"rendered":"Candidature"},"content":{"rendered":"<p>[et_pb_section fb_built=&#8221;1&#8243; _builder_version=&#8221;4.24.2&#8243; _module_preset=&#8221;default&#8221; width=&#8221;100%&#8221; max_width=&#8221;100%&#8221; custom_margin=&#8221;-2px||-2px||true|false&#8221; custom_padding=&#8221;0px|0px|3px||false|false&#8221; animation_style=&#8221;slide&#8221; animation_direction=&#8221;top&#8221; animation_intensity_slide=&#8221;10%&#8221; global_colors_info=&#8221;{}&#8221;][et_pb_row make_equal=&#8221;on&#8221; _builder_version=&#8221;4.24.2&#8243; _module_preset=&#8221;default&#8221; width=&#8221;100%&#8221; min_height=&#8221;204.9px&#8221; custom_margin=&#8221;0px|auto|0px|auto|false|false&#8221; global_colors_info=&#8221;{}&#8221;][et_pb_column type=&#8221;4_4&#8243; _builder_version=&#8221;4.24.2&#8243; _module_preset=&#8221;default&#8221; global_colors_info=&#8221;{}&#8221;][et_pb_image src=&#8221;http:\/\/andelstaff.com\/wp-content\/uploads\/2024\/03\/1662039994388-e1710518744544.jpg&#8221; title_text=&#8221;notre_dame&#8221; align=&#8221;center&#8221; force_fullwidth=&#8221;on&#8221; _builder_version=&#8221;4.24.2&#8243; _module_preset=&#8221;default&#8221; global_colors_info=&#8221;{}&#8221;][\/et_pb_image][\/et_pb_column][\/et_pb_row][\/et_pb_section][et_pb_section fb_built=&#8221;1&#8243; admin_label=&#8221;FAQ&#8221; _builder_version=&#8221;4.24.2&#8243; background_color=&#8221;#f7f7f7&#8243; min_height=&#8221;736.6px&#8221; height=&#8221;1000px&#8221; max_height=&#8221;842px&#8221; custom_margin=&#8221;0px||0px||false|false&#8221; custom_margin_tablet=&#8221;0px||0px||false|false&#8221; custom_margin_phone=&#8221;1px||0px||false|false&#8221; custom_margin_last_edited=&#8221;on|phone&#8221; custom_padding=&#8221;2px||20px||false|false&#8221; global_colors_info=&#8221;{}&#8221;][et_pb_row column_structure=&#8221;1_2,1_2&#8243; make_equal=&#8221;on&#8221; _builder_version=&#8221;4.24.2&#8243; background_color=&#8221;#F7F7F7&#8243; width=&#8221;100%&#8221; min_height=&#8221;722.1px&#8221; custom_margin=&#8221;-3px|auto|-3px|auto|true|false&#8221; custom_padding=&#8221;3px|0px|0px||false|false&#8221; global_colors_info=&#8221;{}&#8221;][et_pb_column type=&#8221;1_2&#8243; _builder_version=&#8221;4.24.2&#8243; custom_padding=&#8221;|||&#8221; global_colors_info=&#8221;{}&#8221; custom_padding__hover=&#8221;|||&#8221;][et_pb_text content_tablet=&#8221;<\/p>\n<h2>Rejoignez-nous !<\/h2>\n<p>&#8221; content_phone=&#8221;<\/p>\n<h2 style=%22text-align: center;%22>Rejoignez-nous !<\/h2>\n<p>&#8221; content_last_edited=&#8221;on|phone&#8221; _builder_version=&#8221;4.24.2&#8243; text_font=&#8221;||||||||&#8221; text_text_color=&#8221;gcid-840cd285-ee6f-49c1-abc9-5e893f3235b8&#8243; text_font_size=&#8221;13px&#8221; header_font=&#8221;||||||||&#8221; header_text_color=&#8221;gcid-840cd285-ee6f-49c1-abc9-5e893f3235b8&#8243; header_font_size=&#8221;28px&#8221; header_2_font=&#8221;|700|||||||&#8221; header_2_text_align=&#8221;center&#8221; header_2_font_size=&#8221;42px&#8221; header_2_line_height=&#8221;1.2em&#8221; background_color=&#8221;RGBA(255,255,255,0)&#8221; min_height=&#8221;53px&#8221; custom_margin=&#8221;||1px|||&#8221; custom_margin_tablet=&#8221;||1px|||&#8221; custom_margin_phone=&#8221;5px||5px||true|false&#8221; custom_margin_last_edited=&#8221;on|phone&#8221; custom_padding=&#8221;19px||19px||true|false&#8221; text_font_tablet=&#8221;||||||||&#8221; text_font_phone=&#8221;||||||||&#8221; text_font_last_edited=&#8221;on|phone&#8221; text_font_size_tablet=&#8221;13px&#8221; text_font_size_phone=&#8221;11px&#8221; text_font_size_last_edited=&#8221;on|phone&#8221; header_2_font_size_tablet=&#8221;&#8221; header_2_font_size_phone=&#8221;25px&#8221; header_2_font_size_last_edited=&#8221;on|phone&#8221; background_last_edited=&#8221;on|phone&#8221; locked=&#8221;off&#8221; global_colors_info=&#8221;{%22gcid-840cd285-ee6f-49c1-abc9-5e893f3235b8%22:%91%22text_text_color%22,%22header_text_color%22%93}&#8221;]<\/p>\n<h2 style=\"text-align: left;\">Rejoignez-nous !<\/h2>\n<p>[\/et_pb_text][et_pb_divider color=&#8221;#0C71C3&#8243; divider_position=&#8221;center&#8221; divider_weight=&#8221;5px&#8221; _builder_version=&#8221;4.24.2&#8243; background_color=&#8221;RGBA(255,255,255,0)&#8221; max_width=&#8221;50px&#8221; locked=&#8221;off&#8221; global_colors_info=&#8221;{}&#8221;][\/et_pb_divider][et_pb_text _builder_version=&#8221;4.24.2&#8243; _module_preset=&#8221;default&#8221; background_color=&#8221;RGBA(255,255,255,0)&#8221; custom_margin=&#8221;-10px|||||&#8221; custom_margin_tablet=&#8221;-10px|||||&#8221; custom_margin_phone=&#8221;-10px|0px|-17px|0px|false|true&#8221; custom_margin_last_edited=&#8221;on|phone&#8221; custom_padding=&#8221;|30px|0px|30px|false|true&#8221; background_color_phone=&#8221;#F7F7F7&#8243; background_last_edited=&#8221;on|phone&#8221; background_enable_color_phone=&#8221;on&#8221; global_colors_info=&#8221;{}&#8221;]<\/p>\n<div class='fluentform ff-default fluentform_wrapper_1 ffs_default_wrap'><form data-form_id=\"1\" id=\"fluentform_1\" class=\"frm-fluent-form fluent_form_1 ff-el-form-top ff_form_instance_1_1 ff-form-loading ffs_default\" data-form_instance=\"ff_form_instance_1_1\" method=\"POST\" ><fieldset  style=\"border: none!important;margin: 0!important;padding: 0!important;background-color: transparent!important;box-shadow: none!important;outline: none!important; min-inline-size: 100%;\">\n                    <legend class=\"ff_screen_reader_title\" style=\"display: block; margin: 0!important;padding: 0!important;height: 0!important;text-indent: -999999px;width: 0!important;overflow:hidden;\">Formulaire de candidature<\/legend><input type='hidden' name='__fluent_form_embded_post_id' value='434' \/><input type=\"hidden\" id=\"_fluentform_1_fluentformnonce\" name=\"_fluentform_1_fluentformnonce\" value=\"a9a49632fd\" \/><input type=\"hidden\" name=\"_wp_http_referer\" value=\"\/index.php?rest_route=%2Fwp%2Fv2%2Fpages%2F434\" \/><div data-type=\"name-element\" data-name=\"names_1\" class=\" ff-field_container ff-name-field-wrapper\" ><div class='ff-t-container'><div class='ff-t-cell '><div class='ff-el-group  ff-el-form-top'><div class=\"ff-el-input--label ff-el-is-required asterisk-right\"><label for='ff_1_names_1_first_name_' aria-label=\"Pr\u00e9nom\">Pr\u00e9nom<\/label><\/div><div class='ff-el-input--content'><input type=\"text\" name=\"names_1[first_name]\" id=\"ff_1_names_1_first_name_\" class=\"ff-el-form-control\" placeholder=\"Pr\u00e9nom\" aria-invalid=\"false\" aria-required=true><\/div><\/div><\/div><div class='ff-t-cell '><div class='ff-el-group  ff-el-form-top'><div class=\"ff-el-input--label ff-el-is-required asterisk-right\"><label for='ff_1_names_1_last_name_' aria-label=\"Nom de famille\">Nom de famille<\/label><\/div><div class='ff-el-input--content'><input type=\"text\" name=\"names_1[last_name]\" id=\"ff_1_names_1_last_name_\" class=\"ff-el-form-control\" placeholder=\"Nom de famille\" aria-invalid=\"false\" aria-required=true><\/div><\/div><\/div><\/div><\/div><div class='ff-el-group'><div class=\"ff-el-input--label ff-el-is-required asterisk-right\"><label for='ff_1_E' aria-label=\"E-mail\">E-mail<\/label><\/div><div class='ff-el-input--content'><input type=\"email\" name=\"E\" id=\"ff_1_E\" class=\"ff-el-form-control\" placeholder=\"Adresse e-mail\" data-name=\"E\"  aria-invalid=\"false\" aria-required=true><\/div><\/div><div class='ff-el-group'><div class=\"ff-el-input--label ff-el-is-required asterisk-right\"><label for='ff_1_phone' aria-label=\"Num\u00e9ro de t\u00e9l\u00e9phone\">Num\u00e9ro de t\u00e9l\u00e9phone<\/label><\/div><div class='ff-el-input--content'><input name=\"phone\" class=\"ff-el-form-control ff-el-phone\" type=\"tel\" placeholder=\"Num\u00e9ro de t\u00e9l\u00e9phone\" data-name=\"phone\" id=\"ff_1_phone\" inputmode=\"tel\"  aria-invalid='false' aria-required=true><\/div><\/div><div class='ff-el-group'><div class=\"ff-el-input--label ff-el-is-required asterisk-right\"><label for='ff_1_input_text' aria-label=\"Objet\">Objet<\/label><\/div><div class='ff-el-input--content'><input type=\"text\" name=\"input_text\" class=\"ff-el-form-control\" data-name=\"input_text\" id=\"ff_1_input_text\"  aria-invalid=\"false\" aria-required=true><\/div><\/div><div class='ff-el-group'><div class=\"ff-el-input--label ff-el-is-required asterisk-right\"><label for='ff_1_description' aria-label=\"Message\">Message<\/label><\/div><div class='ff-el-input--content'><textarea aria-invalid=\"false\" aria-required=true name=\"description\" id=\"ff_1_description\" class=\"ff-el-form-control\" rows=\"5\" cols=\"2\" data-name=\"description\" ><\/textarea><\/div><\/div><div class='ff-el-group'><div class=\"ff-el-input--label ff-el-is-required asterisk-right\"><label for='ff_1_file-upload_1' aria-label=\"Joindre votre CV\">Joindre votre CV<\/label><\/div><div class='ff-el-input--content'><label for='ff_1_file-upload_1' class='ff_file_upload_holder'><span class='ff_upload_btn ff-btn'>Importer<\/span> <input type=\"file\" name=\"file-upload\" id=\"ff_1_file-upload_1\" class=\"ff-el-form-control  ff-screen-reader-element\" data-name=\"file-upload\" multiple=\"1\"  aria-invalid='false' aria-required=true><\/label><\/div><\/div><div class='ff-el-group ff-text-left ff_submit_btn_wrapper'><button type=\"submit\" class=\"ff-btn ff-btn-submit ff-btn-md ff_btn_style\" >Envoyer<\/button><\/div><\/fieldset><\/form><div id='fluentform_1_errors' class='ff-errors-in-stack ff_form_instance_1_1 ff-form-loading_errors ff_form_instance_1_1_errors'><\/div><\/div>        <script type=\"text\/javascript\">\n            window.fluent_form_ff_form_instance_1_1 = {\"id\":\"1\",\"settings\":{\"layout\":{\"labelPlacement\":\"top\",\"helpMessagePlacement\":\"with_label\",\"errorMessagePlacement\":\"inline\",\"cssClassName\":\"\",\"asteriskPlacement\":\"asterisk-right\"},\"restrictions\":{\"denyEmptySubmission\":{\"enabled\":false}}},\"form_instance\":\"ff_form_instance_1_1\",\"form_id_selector\":\"fluentform_1\",\"rules\":{\"names_1[first_name]\":{\"required\":{\"value\":true,\"message\":\"Ce champ est requis\",\"global_message\":\"Ce champ est obligatoire\",\"global\":true}},\"names_1[middle_name]\":{\"required\":{\"value\":false,\"message\":\"Ce champ est requis\",\"global_message\":\"Ce champ est obligatoire\",\"global\":true}},\"names_1[last_name]\":{\"required\":{\"value\":true,\"message\":\"Ce champ est requis\",\"global_message\":\"Ce champ est obligatoire\",\"global\":true}},\"E\":{\"required\":{\"value\":true,\"message\":\"Ce champ est requis\",\"global\":false,\"global_message\":\"Ce champ est obligatoire\"},\"email\":{\"value\":true,\"message\":\"Merci de saisir une adresse e-mail valable\",\"global\":false,\"global_message\":\"Ce champ doit contenir un e-mail valide\"}},\"phone\":{\"required\":{\"value\":true,\"message\":\"Ce champ est requis\"},\"valid_phone_number\":{\"value\":false,\"message\":\"Le num\\u00e9ro de t\\u00e9l\\u00e9phone n'est pas valide\"}},\"input_text\":{\"required\":{\"value\":true,\"message\":\"Ce champ est requis\",\"global_message\":\"Ce champ est obligatoire\",\"global\":true}},\"description\":{\"required\":{\"value\":true,\"message\":\"Ce champ est requis\",\"global_message\":\"Ce champ est obligatoire\",\"global\":true}},\"file-upload\":{\"required\":{\"value\":true,\"message\":\"Ce champ est requis\",\"global_message\":\"Ce champ est obligatoire\",\"global\":true},\"max_file_size\":{\"value\":5242880,\"_valueFrom\":\"MB\",\"message\":\"Merci d'importer un fichier de 5MB maximum\",\"global_message\":\"\\u00c9chec de la validation de la taille maximale de fichier\",\"global\":false},\"max_file_count\":{\"value\":1,\"message\":\"\\u00c9chec de la validation du nombre maximal de fichiers\",\"global_message\":\"\\u00c9chec de la validation du nombre maximal de fichiers\",\"global\":true},\"allowed_file_types\":{\"value\":[\"pdf\",\"doc|ppt|pps|xls|mdb|docx|xlsx|pptx|odt|odp|ods|odg|odc|odb|odf|rtf|txt\"],\"message\":\"Ce type de fichier n'est pas autoris\\u00e9\",\"global_message\":\"Les types d\\u2019images autoris\\u00e9s ne correspondent pas\",\"global\":false}}}};\n                    <\/script>\n        \n<p>[\/et_pb_text][\/et_pb_column][et_pb_column type=&#8221;1_2&#8243; _builder_version=&#8221;4.24.2&#8243; custom_padding=&#8221;|||&#8221; global_colors_info=&#8221;{}&#8221; custom_padding__hover=&#8221;|||&#8221;][et_pb_text content_tablet=&#8221;<\/p>\n<p><strong><\/strong><\/p>\n<p><strong><\/strong><\/p>\n<p><strong><\/strong><\/p>\n<p><strong><\/strong><\/p>\n<p><strong><\/strong><\/p>\n<p><strong><\/strong><\/p>\n<p><strong>Rejoignez notre \u00e9quipe de professionnels passionn\u00e9s et participez \u00e0 la r\u00e9ussite d&#8217;\u00e9v\u00e9nements et de projets d&#8217;envergure !<\/strong><\/p>\n<p>Notre soci\u00e9t\u00e9 d&#8217;int\u00e9rim sp\u00e9cialis\u00e9e dans les domaines de l&#8217;\u00e9v\u00e9nementiel, de la sc\u00e9nographie et de l&#8217;audiovisuel est constamment \u00e0 la recherche de nouveaux talents pour enrichir ses \u00e9quipes et r\u00e9pondre aux besoins de ses clients. Nous offrons des missions vari\u00e9es et stimulantes, ainsi qu&#8217;un environnement de travail dynamique et convivial.<\/p>\n<p>Quel que soit votre niveau d&#8217;exp\u00e9rience ou votre domaine d&#8217;expertise, nous sommes convaincus que vous avez un r\u00f4le \u00e0 jouer au sein de notre \u00e9quipe. En nous rejoignant, vous b\u00e9n\u00e9ficierez d&#8217;un accompagnement personnalis\u00e9 et d&#8217;opportunit\u00e9s d&#8217;\u00e9volution professionnelle.<\/p>\n<p>N&#8217;attendez plus pour donner un nouvel \u00e9lan \u00e0 votre carri\u00e8re et vivre des exp\u00e9riences professionnelles enrichissantes ! D\u00e9posez d\u00e8s maintenant votre candidature en remplissant notre formulaire en ligne, et rejoignez l&#8217;aventure \u00e0 nos c\u00f4t\u00e9s. Nous avons h\u00e2te de d\u00e9couvrir votre profil et vos comp\u00e9tences !<\/p>\n<p>&#8221; content_phone=&#8221;<\/p>\n<p><span style=%22font-size: large;%22><strong>Rejoignez notre \u00e9quipe de professionnels passionn\u00e9s et participez \u00e0 la r\u00e9ussite d&#8217;\u00e9v\u00e9nements et de projets d&#8217;envergure !<\/strong><\/span><\/p>\n<p>Notre agence est constamment \u00e0 la recherche de nouveaux talents pour enrichir ses \u00e9quipes et r\u00e9pondre aux besoins de ses clients. Nous offrons des missions vari\u00e9es et stimulantes, ainsi qu&#8217;un environnement de travail dynamique et convivial.<\/p>\n<p>Quel que soit votre niveau d&#8217;exp\u00e9rience ou votre domaine d&#8217;expertise, nous sommes convaincus que vous avez un r\u00f4le \u00e0 jouer au sein de notre \u00e9quipe. En nous rejoignant, vous b\u00e9n\u00e9ficierez d&#8217;un accompagnement personnalis\u00e9 et d&#8217;opportunit\u00e9s d&#8217;\u00e9volution professionnelle.<\/p>\n<p>N&#8217;attendez plus pour donner un nouvel \u00e9lan \u00e0 votre carri\u00e8re et vivre des exp\u00e9riences professionnelles enrichissantes ! D\u00e9posez d\u00e8s maintenant votre candidature en remplissant notre formulaire en ligne, et rejoignez l&#8217;aventure \u00e0 nos c\u00f4t\u00e9s. Nous avons h\u00e2te de d\u00e9couvrir votre profil et vos comp\u00e9tences !<\/p>\n<p>&#8221; content_last_edited=&#8221;on|phone&#8221; _builder_version=&#8221;4.24.2&#8243; _module_preset=&#8221;default&#8221; text_text_color=&#8221;gcid-840cd285-ee6f-49c1-abc9-5e893f3235b8&#8243; ul_text_color=&#8221;#000000&#8243; min_height=&#8221;754.6px&#8221; custom_margin=&#8221;1px|1px|6px|||&#8221; custom_margin_tablet=&#8221;-26px|1px||||&#8221; custom_margin_phone=&#8221;0px|0px|0px|0px|false|false&#8221; custom_margin_last_edited=&#8221;on|phone&#8221; custom_padding=&#8221;0px|20px|0px|20px|true|true&#8221; hover_enabled=&#8221;0&#8243; text_text_color_tablet=&#8221;#FFFFFF&#8221; text_text_color_phone=&#8221;gcid-840cd285-ee6f-49c1-abc9-5e893f3235b8&#8243; text_text_color_last_edited=&#8221;on|phone&#8221; global_colors_info=&#8221;{%22gcid-840cd285-ee6f-49c1-abc9-5e893f3235b8%22:%91%22text_text_color_phone%22,%22text_text_color%22%93}&#8221; min_height_last_edited=&#8221;on|phone&#8221; min_height_phone=&#8221;auto&#8221; sticky_enabled=&#8221;0&#8243; min_height_tablet=&#8221;754.6px&#8221;]<\/p>\n<p><span style=\"font-size: large;\"><strong>Rejoignez notre \u00e9quipe de professionnels passionn\u00e9s et participez \u00e0 la r\u00e9ussite d&#8217;\u00e9v\u00e9nements et de projets d&#8217;envergure !<\/strong><\/span><\/p>\n<p>Notre agence est constamment \u00e0 la recherche de nouveaux talents pour enrichir ses \u00e9quipes et r\u00e9pondre aux besoins de ses clients. Nous offrons des missions vari\u00e9es et stimulantes, ainsi qu&#8217;un environnement de travail dynamique et convivial.<\/p>\n<p>Quel que soit votre niveau d&#8217;exp\u00e9rience ou votre domaine d&#8217;expertise, nous sommes convaincus que vous avez un r\u00f4le \u00e0 jouer au sein de notre \u00e9quipe. En nous rejoignant, vous b\u00e9n\u00e9ficierez d&#8217;un accompagnement personnalis\u00e9 et d&#8217;opportunit\u00e9s d&#8217;\u00e9volution professionnelle.<\/p>\n<p>N&#8217;attendez plus pour donner un nouvel \u00e9lan \u00e0 votre carri\u00e8re et vivre des exp\u00e9riences professionnelles enrichissantes ! D\u00e9posez d\u00e8s maintenant votre candidature en remplissant notre formulaire en ligne, et rejoignez l&#8217;aventure \u00e0 nos c\u00f4t\u00e9s. Nous avons h\u00e2te de d\u00e9couvrir votre profil et vos comp\u00e9tences !<\/p>\n<p>[\/et_pb_text][et_pb_social_media_follow follow_button=&#8221;on&#8221; _builder_version=&#8221;4.24.2&#8243; _module_preset=&#8221;default&#8221; min_height=&#8221;47px&#8221; custom_margin=&#8221;1px||||false|false&#8221; custom_padding=&#8221;0px||0px||false|false&#8221; hover_enabled=&#8221;0&#8243; global_colors_info=&#8221;{}&#8221; sticky_enabled=&#8221;0&#8243;][et_pb_social_media_follow_network social_network=&#8221;linkedin&#8221; url=&#8221;https:\/\/www.linkedin.com\/company\/andel-staff\/?trk=ppro_cprof&#038;originalSubdomain=fr&#8221; icon_color=&#8221;#FFFFFF&#8221; _builder_version=&#8221;4.24.2&#8243; _module_preset=&#8221;default&#8221; background_color=&#8221;#007bb6&#8243; custom_margin=&#8221;0px|||20px|false|false&#8221; global_colors_info=&#8221;{}&#8221; follow_button=&#8221;on&#8221; url_new_window=&#8221;on&#8221;]linkedin[\/et_pb_social_media_follow_network][\/et_pb_social_media_follow][\/et_pb_column][\/et_pb_row][\/et_pb_section]<\/p>\n","protected":false},"excerpt":{"rendered":"<p>Rejoignez-nous !<div class='fluentform ff-default fluentform_wrapper_1 ffs_default_wrap'><form data-form_id=\"1\" id=\"fluentform_1\" class=\"frm-fluent-form fluent_form_1 ff-el-form-top ff_form_instance_1_2 ff-form-loading ffs_default\" data-form_instance=\"ff_form_instance_1_2\" method=\"POST\" ><fieldset  style=\"border: none!important;margin: 0!important;padding: 0!important;background-color: transparent!important;box-shadow: none!important;outline: none!important; min-inline-size: 100%;\">\n                    <legend class=\"ff_screen_reader_title\" style=\"display: block; margin: 0!important;padding: 0!important;height: 0!important;text-indent: -999999px;width: 0!important;overflow:hidden;\">Formulaire de candidature<\/legend><input type='hidden' name='__fluent_form_embded_post_id' value='434' \/><input type=\"hidden\" id=\"_fluentform_1_fluentformnonce\" name=\"_fluentform_1_fluentformnonce\" value=\"a9a49632fd\" \/><input type=\"hidden\" name=\"_wp_http_referer\" value=\"\/index.php?rest_route=%2Fwp%2Fv2%2Fpages%2F434\" \/><div data-type=\"name-element\" data-name=\"names_1\" class=\" ff-field_container ff-name-field-wrapper\" ><div class='ff-t-container'><div class='ff-t-cell '><div class='ff-el-group  ff-el-form-top'><div class=\"ff-el-input--label ff-el-is-required asterisk-right\"><label for='ff_1_2_names_1_first_name_' aria-label=\"Pr\u00e9nom\">Pr\u00e9nom<\/label><\/div><div class='ff-el-input--content'><input type=\"text\" name=\"names_1[first_name]\" id=\"ff_1_2_names_1_first_name_\" class=\"ff-el-form-control\" placeholder=\"Pr\u00e9nom\" aria-invalid=\"false\" aria-required=true><\/div><\/div><\/div><div class='ff-t-cell '><div class='ff-el-group  ff-el-form-top'><div class=\"ff-el-input--label ff-el-is-required asterisk-right\"><label for='ff_1_2_names_1_last_name_' aria-label=\"Nom de famille\">Nom de famille<\/label><\/div><div class='ff-el-input--content'><input type=\"text\" name=\"names_1[last_name]\" id=\"ff_1_2_names_1_last_name_\" class=\"ff-el-form-control\" placeholder=\"Nom de famille\" aria-invalid=\"false\" aria-required=true><\/div><\/div><\/div><\/div><\/div><div class='ff-el-group'><div class=\"ff-el-input--label ff-el-is-required asterisk-right\"><label for='ff_1_2_E' aria-label=\"E-mail\">E-mail<\/label><\/div><div class='ff-el-input--content'><input type=\"email\" name=\"E\" id=\"ff_1_2_E\" class=\"ff-el-form-control\" placeholder=\"Adresse e-mail\" data-name=\"E\"  aria-invalid=\"false\" aria-required=true><\/div><\/div><div class='ff-el-group'><div class=\"ff-el-input--label ff-el-is-required asterisk-right\"><label for='ff_1_2_phone' aria-label=\"Num\u00e9ro de t\u00e9l\u00e9phone\">Num\u00e9ro de t\u00e9l\u00e9phone<\/label><\/div><div class='ff-el-input--content'><input name=\"phone\" class=\"ff-el-form-control ff-el-phone\" type=\"tel\" placeholder=\"Num\u00e9ro de t\u00e9l\u00e9phone\" data-name=\"phone\" id=\"ff_1_2_phone\" inputmode=\"tel\"  aria-invalid='false' aria-required=true><\/div><\/div><div class='ff-el-group'><div class=\"ff-el-input--label ff-el-is-required asterisk-right\"><label for='ff_1_2_input_text' aria-label=\"Objet\">Objet<\/label><\/div><div class='ff-el-input--content'><input type=\"text\" name=\"input_text\" class=\"ff-el-form-control\" data-name=\"input_text\" id=\"ff_1_2_input_text\"  aria-invalid=\"false\" aria-required=true><\/div><\/div><div class='ff-el-group'><div class=\"ff-el-input--label ff-el-is-required asterisk-right\"><label for='ff_1_2_description' aria-label=\"Message\">Message<\/label><\/div><div class='ff-el-input--content'><textarea aria-invalid=\"false\" aria-required=true name=\"description\" id=\"ff_1_2_description\" class=\"ff-el-form-control\" rows=\"5\" cols=\"2\" data-name=\"description\" ><\/textarea><\/div><\/div><div class='ff-el-group'><div class=\"ff-el-input--label ff-el-is-required asterisk-right\"><label for='ff_1_2_file-upload_2' aria-label=\"Joindre votre CV\">Joindre votre CV<\/label><\/div><div class='ff-el-input--content'><label for='ff_1_2_file-upload_2' class='ff_file_upload_holder'><span class='ff_upload_btn ff-btn'>Importer<\/span> <input type=\"file\" name=\"file-upload\" id=\"ff_1_2_file-upload_2\" class=\"ff-el-form-control  ff-screen-reader-element\" data-name=\"file-upload\" multiple=\"1\"  aria-invalid='false' aria-required=true><\/label><\/div><\/div><div class='ff-el-group ff-text-left ff_submit_btn_wrapper'><button type=\"submit\" class=\"ff-btn ff-btn-submit ff-btn-md ff_btn_style\" >Envoyer<\/button><\/div><\/fieldset><\/form><div id='fluentform_1_errors' class='ff-errors-in-stack ff_form_instance_1_2 ff-form-loading_errors ff_form_instance_1_2_errors'><\/div><\/div>        <script type=\"text\/javascript\">\n            window.fluent_form_ff_form_instance_1_2 = {\"id\":\"1\",\"settings\":{\"layout\":{\"labelPlacement\":\"top\",\"helpMessagePlacement\":\"with_label\",\"errorMessagePlacement\":\"inline\",\"cssClassName\":\"\",\"asteriskPlacement\":\"asterisk-right\"},\"restrictions\":{\"denyEmptySubmission\":{\"enabled\":false}}},\"form_instance\":\"ff_form_instance_1_2\",\"form_id_selector\":\"fluentform_1\",\"rules\":{\"names_1[first_name]\":{\"required\":{\"value\":true,\"message\":\"Ce champ est requis\",\"global_message\":\"Ce champ est obligatoire\",\"global\":true}},\"names_1[middle_name]\":{\"required\":{\"value\":false,\"message\":\"Ce champ est requis\",\"global_message\":\"Ce champ est obligatoire\",\"global\":true}},\"names_1[last_name]\":{\"required\":{\"value\":true,\"message\":\"Ce champ est requis\",\"global_message\":\"Ce champ est obligatoire\",\"global\":true}},\"E\":{\"required\":{\"value\":true,\"message\":\"Ce champ est requis\",\"global\":false,\"global_message\":\"Ce champ est obligatoire\"},\"email\":{\"value\":true,\"message\":\"Merci de saisir une adresse e-mail valable\",\"global\":false,\"global_message\":\"Ce champ doit contenir un e-mail valide\"}},\"phone\":{\"required\":{\"value\":true,\"message\":\"Ce champ est requis\"},\"valid_phone_number\":{\"value\":false,\"message\":\"Le num\\u00e9ro de t\\u00e9l\\u00e9phone n'est pas valide\"}},\"input_text\":{\"required\":{\"value\":true,\"message\":\"Ce champ est requis\",\"global_message\":\"Ce champ est obligatoire\",\"global\":true}},\"description\":{\"required\":{\"value\":true,\"message\":\"Ce champ est requis\",\"global_message\":\"Ce champ est obligatoire\",\"global\":true}},\"file-upload\":{\"required\":{\"value\":true,\"message\":\"Ce champ est requis\",\"global_message\":\"Ce champ est obligatoire\",\"global\":true},\"max_file_size\":{\"value\":5242880,\"_valueFrom\":\"MB\",\"message\":\"Merci d'importer un fichier de 5MB maximum\",\"global_message\":\"\\u00c9chec de la validation de la taille maximale de fichier\",\"global\":false},\"max_file_count\":{\"value\":1,\"message\":\"\\u00c9chec de la validation du nombre maximal de fichiers\",\"global_message\":\"\\u00c9chec de la validation du nombre maximal de fichiers\",\"global\":true},\"allowed_file_types\":{\"value\":[\"pdf\",\"doc|ppt|pps|xls|mdb|docx|xlsx|pptx|odt|odp|ods|odg|odc|odb|odf|rtf|txt\"],\"message\":\"Ce type de fichier n'est pas autoris\\u00e9\",\"global_message\":\"Les types d\\u2019images autoris\\u00e9s ne correspondent pas\",\"global\":false}}}};\n                    <\/script>\n        Rejoignez notre \u00e9quipe de professionnels passionn\u00e9s et participez \u00e0 la r\u00e9ussite d&#8217;\u00e9v\u00e9nements et de projets d&#8217;envergure ! Notre agence est constamment \u00e0 la recherche de nouveaux talents pour enrichir ses \u00e9quipes et r\u00e9pondre aux besoins de ses clients. Nous offrons des missions vari\u00e9es et stimulantes, ainsi qu&#8217;un environnement de travail dynamique et convivial. [&hellip;]<\/p>\n","protected":false},"author":1,"featured_media":0,"parent":0,"menu_order":0,"comment_status":"closed","ping_status":"closed","template":"","meta":{"_et_pb_use_builder":"on","_et_pb_old_content":"","_et_gb_content_width":"","_ti_tpc_template_sync":false,"_ti_tpc_template_id":"","footnotes":""},"_links":{"self":[{"href":"https:\/\/andelstaff.com\/index.php?rest_route=\/wp\/v2\/pages\/434"}],"collection":[{"href":"https:\/\/andelstaff.com\/index.php?rest_route=\/wp\/v2\/pages"}],"about":[{"href":"https:\/\/andelstaff.com\/index.php?rest_route=\/wp\/v2\/types\/page"}],"author":[{"embeddable":true,"href":"https:\/\/andelstaff.com\/index.php?rest_route=\/wp\/v2\/users\/1"}],"replies":[{"embeddable":true,"href":"https:\/\/andelstaff.com\/index.php?rest_route=%2Fwp%2Fv2%2Fcomments&post=434"}],"version-history":[{"count":41,"href":"https:\/\/andelstaff.com\/index.php?rest_route=\/wp\/v2\/pages\/434\/revisions"}],"predecessor-version":[{"id":993,"href":"https:\/\/andelstaff.com\/index.php?rest_route=\/wp\/v2\/pages\/434\/revisions\/993"}],"wp:attachment":[{"href":"https:\/\/andelstaff.com\/index.php?rest_route=%2Fwp%2Fv2%2Fmedia&parent=434"}],"curies":[{"name":"wp","href":"https:\/\/api.w.org\/{rel}","templated":true}]}}